{"id":19,"date":"2016-07-07T16:11:26","date_gmt":"2016-07-07T19:11:26","guid":{"rendered":"http:\/\/www.crf-ba.org.br\/transparencia\/?page_id=19"},"modified":"2017-09-19T16:27:49","modified_gmt":"2017-09-19T19:27:49","slug":"legislacao","status":"publish","type":"page","link":"https:\/\/www.crf-ba.org.br\/transparencia\/legislacao\/","title":{"rendered":"Legisla\u00e7\u00e3o"},"content":{"rendered":"<header class=\"entry-header\">\n<h1 class=\"entry-title\"><\/h1>\n<\/header>\n<div class=\"entry-content\">\n<ul type=\"square\">\n<li><a href=\"http:\/\/www.crf-ba.org.br\/site\/wp-content\/uploads\/2016\/08\/Lei_13021.pdf\" target=\"_blank\">Lei Federal n\u00ba 13021\/14<br \/>\n<\/a>Ementa: Disp\u00f5e sobre o exerc\u00edcio e a fiscaliza\u00e7\u00e3o das atividades farmac\u00eauticas.<\/li>\n<li><a href=\"http:\/\/www.crf-ba.org.br\/site\/wp-content\/uploads\/2016\/08\/Resolucao_596_14.pdf\" target=\"_blank\">RESOLU\u00c7\u00c3O N\u00ba 596 DE 21 DE FEVEREIRO DE 2014.<\/a><br \/>\nEmenta: Disp\u00f5e sobre o C\u00f3digo de \u00c9tica Farmac\u00eautica, o C\u00f3digo de Processo \u00c9tico e estabelece as infra\u00e7\u00f5es e as regras de aplica\u00e7\u00e3o das san\u00e7\u00f5es disciplinares.<\/li>\n<\/ul>\n<ul type=\"square\">\n<li><a href=\"http:\/\/www.crf-ba.org.br\/atas\/deliberacao_271.pdf\" target=\"_blank\">Delibera\u00e7\u00e3o N\u00ba. 271\/2011<br \/>\n<\/a>Ementa: Aprova\u00e7\u00e3o das Inscri\u00e7\u00f5es dos Candidatos para Conselheiro Regional, mandato 2012\/2015 e Diretoria, mandato 2012\/2013, no Pleito Eleitoral 2011.<\/li>\n<\/ul>\n<ul type=\"square\">\n<li><a href=\"http:\/\/www.crf-ba.org.br\/atas\/deliberacao_250.pdf\" target=\"_blank\">07\/07\/2010 \u2013 Delibera\u00e7\u00e3o plen\u00e1ria n\u00ba. 250\/2010<br \/>\n<\/a>EMENTA: Estabelece a possibilidade e crit\u00e9rios para a utiliza\u00e7\u00e3o da transa\u00e7\u00e3o administrativa dos<br \/>\nd\u00e9bitos fiscais perante o Conselho Regional de Farm\u00e1cia do Estado da Bahia.<\/li>\n<\/ul>\n<ul type=\"square\">\n<li><a href=\"http:\/\/www.crf-ba.org.br\/atas\/deliberacao_248.pdf\" target=\"_blank\">01\/06\/2010 \u2013 Delibera\u00e7\u00e3o plen\u00e1ria n\u00ba. 248\/2010<\/a><br \/>\nEmenta: Disciplina o castramento simplificado de farm\u00e1cia hospitalar e\/ou dispens\u00e1rio de medicamentos de hospitais e equivalentes de assist\u00eancia m\u00e9dica, bem como de sad (servi\u00e7os de aten\u00e7\u00e3o domiciliar) ante o crf-bahia.<\/li>\n<li><a href=\"http:\/\/www.crf-ba.org.br\/atas\/deliberacao_241.pdf\" target=\"_blank\">12\/01\/2010 \u2013 Delibera\u00e7\u00e3o plen\u00e1ria n\u00ba. 241\/2010<\/a><br \/>\nEMENTA: Aprova a concess\u00e3o de 40% de desconto no valor dos autos de infra\u00e7\u00e3o dos estabelecimentos que efetuarem o pagamento antes do vencimento.<\/li>\n<li><a href=\"http:\/\/www.crf-ba.org.br\/atas\/deliberacao_214.pdf\" target=\"_blank\">07\/04\/2008 \u2013 Delibera\u00e7\u00e3o plen\u00e1ria n\u00ba. 214\/2008<\/a><br \/>\nEmenta: Disp\u00f5e sobre as Centrais de Abastecimentos Farmac\u00eautico\/ Distribuidoras Municipais, Farm\u00e1cias Municipais e Equivalentes.<\/li>\n<li><a href=\"http:\/\/www.anvisa.gov.br\/legis\/leis\/1842_53.htm\">LEI N\u00ba 1.842, DE 13 DE ABRIL DE 1953<\/a><\/li>\n<li><a href=\"http:\/\/www.anvisa.gov.br\/legis\/leis\/3820_60.htm\">LEI N\u00ba 3.820, DE 11 DE NOVEMBRO DE 1960<\/a><\/li>\n<li><a href=\"http:\/\/www.planalto.gov.br\/legislacao\/LEIS\/L6206.htm\">LEI N\u00ba 6.206, DE 07 DE MAIO DE 1975<\/a><\/li>\n<li><a href=\"http:\/\/www.planalto.gov.br\/legislacao\/LEIS\/1970-1979\/L6681.htm\">LEI N\u00ba 6.681, DE 16 DE AGOSTO DE 1979<\/a><\/li>\n<li><a href=\"http:\/\/portal.saude.gov.br\/portal\/arquivos\/pdf\/Lei%209120.pdf\">LEI N\u00ba 9.120, DE 26 DE OUTUBRO DE 1995<\/a><\/li>\n<\/ul>\n<h3>DECRETOS<\/h3>\n<ul type=\"square\">\n<li><a href=\"http:\/\/www.crf-ba.org.br\/crf03f.php\">DECRETO N\u00ba 20.377, DE 8 DE SETEMBRO DE 1931<\/a><\/li>\n<li><a href=\"http:\/\/www.crf-ba.org.br\/crf03g.php\">DECRETO N\u00ba 20.931, DE 11 DE JANEIRO DE 1932<\/a><\/li>\n<li><a href=\"http:\/\/www.crf-ba.org.br\/crf03h.php\">DECRETO N\u00ba 85.878, DE 7 DE ABRIL DE 1981<\/a><\/li>\n<\/ul>\n<h3>DECRETOS-LEI<\/h3>\n<ul type=\"square\">\n<li><a href=\"http:\/\/www.crf-ba.org.br\/crf03i.php\">DECRETO-LEI N\u00ba 150, DE 09 DE FEVEREIRO DE 1967<\/a><\/li>\n<li><a href=\"http:\/\/www.crf-ba.org.br\/crf03j.php\">DECRETO-LEI N\u00ba 968, DE 13 DE OUTUBRO DE 1969<\/a><\/li>\n<\/ul>\n<\/div>\n","protected":false},"excerpt":{"rendered":"<p>Lei Federal n\u00ba 13021\/14 Ementa: Disp\u00f5e sobre o exerc\u00edcio e a fiscaliza\u00e7\u00e3o das atividades farmac\u00eauticas. RESOLU\u00c7\u00c3O N\u00ba 596 DE 21 DE FEVEREIRO DE 2014. Ementa: Disp\u00f5e sobre o C\u00f3digo de \u00c9tica Farmac\u00eautica, o C\u00f3digo&#46;&#46;&#46;<\/p>\n","protected":false},"author":4,"featured_media":0,"parent":0,"menu_order":0,"comment_status":"closed","ping_status":"closed","template":"","meta":[],"_links":{"self":[{"href":"https:\/\/www.crf-ba.org.br\/transparencia\/wp-json\/wp\/v2\/pages\/19"}],"collection":[{"href":"https:\/\/www.crf-ba.org.br\/transparencia\/wp-json\/wp\/v2\/pages"}],"about":[{"href":"https:\/\/www.crf-ba.org.br\/transparencia\/wp-json\/wp\/v2\/types\/page"}],"author":[{"embeddable":true,"href":"https:\/\/www.crf-ba.org.br\/transparencia\/wp-json\/wp\/v2\/users\/4"}],"replies":[{"embeddable":true,"href":"https:\/\/www.crf-ba.org.br\/transparencia\/wp-json\/wp\/v2\/comments?post=19"}],"version-history":[{"count":5,"href":"https:\/\/www.crf-ba.org.br\/transparencia\/wp-json\/wp\/v2\/pages\/19\/revisions"}],"predecessor-version":[{"id":560,"href":"https:\/\/www.crf-ba.org.br\/transparencia\/wp-json\/wp\/v2\/pages\/19\/revisions\/560"}],"wp:attachment":[{"href":"https:\/\/www.crf-ba.org.br\/transparencia\/wp-json\/wp\/v2\/media?parent=19"}],"curies":[{"name":"wp","href":"https:\/\/api.w.org\/{rel}","templated":true}]}}